{"id":84,"date":"2017-11-02T10:23:37","date_gmt":"2017-11-02T10:23:37","guid":{"rendered":"http:\/\/demo.xstheme.com\/maxvid\/?page_id=7"},"modified":"2025-07-29T12:54:28","modified_gmt":"2025-07-29T10:54:28","slug":"uslugi","status":"publish","type":"page","link":"https:\/\/m5film.pl\/pl\/uslugi\/","title":{"rendered":"Us\u0142ugi"},"content":{"rendered":"","protected":false},"excerpt":{"rendered":"","protected":false},"author":1,"featured_media":0,"parent":0,"menu_order":0,"comment_status":"closed","ping_status":"closed","template":"services.php","meta":[],"yoast_head":"<!-- This site is optimized with the Yoast SEO plugin v15.6.2 - https:\/\/yoast.com\/wordpress\/plugins\/seo\/ -->\n<title>Produkcja film\u00f3w reklamowych | m5.com.pl<\/title>\n<meta name=\"description\" content=\"Zajmujemy si\u0119 realizacj\u0105 film\u00f3w reklamowych, nietypowo, z wyobra\u017ani\u0105, bez ogranicze\u0144. Filmy reklamowe \u2013 telewizja, internet, kino, pos tv, mall.\" \/>\n<meta name=\"robots\" content=\"index, follow, max-snippet:-1, max-image-preview:large, max-video-preview:-1\" \/>\n<link rel=\"canonical\" href=\"https:\/\/m5film.pl\/pl\/uslugi\/\" \/>\n<meta property=\"og:locale\" content=\"pl_PL\" \/>\n<meta property=\"og:type\" content=\"article\" \/>\n<meta property=\"og:title\" content=\"Produkcja film\u00f3w reklamowych | m5.com.pl\" \/>\n<meta property=\"og:description\" content=\"Zajmujemy si\u0119 realizacj\u0105 film\u00f3w reklamowych, nietypowo, z wyobra\u017ani\u0105, bez ogranicze\u0144. Filmy reklamowe \u2013 telewizja, internet, kino, pos tv, mall.\" \/>\n<meta property=\"og:url\" content=\"https:\/\/m5film.pl\/pl\/uslugi\/\" \/>\n<meta property=\"og:site_name\" content=\"M5 Film\" \/>\n<meta property=\"article:publisher\" content=\"https:\/\/www.facebook.com\/m5film\/\" \/>\n<meta property=\"article:modified_time\" content=\"2025-07-29T10:54:28+00:00\" \/>\n<meta name=\"twitter:card\" content=\"summary_large_image\" \/>\n<script type=\"application\/ld+json\" class=\"yoast-schema-graph\">{\"@context\":\"https:\/\/schema.org\",\"@graph\":[{\"@type\":\"WebSite\",\"@id\":\"https:\/\/m5film.pl\/en\/#website\",\"url\":\"https:\/\/m5film.pl\/en\/\",\"name\":\"M5 Film\",\"description\":\"Studio filmowe\",\"potentialAction\":[{\"@type\":\"SearchAction\",\"target\":\"https:\/\/m5film.pl\/en\/?s={search_term_string}\",\"query-input\":\"required name=search_term_string\"}],\"inLanguage\":\"pl-PL\"},{\"@type\":\"WebPage\",\"@id\":\"https:\/\/m5film.pl\/pl\/uslugi\/#webpage\",\"url\":\"https:\/\/m5film.pl\/pl\/uslugi\/\",\"name\":\"Produkcja film\\u00f3w reklamowych | m5.com.pl\",\"isPartOf\":{\"@id\":\"https:\/\/m5film.pl\/en\/#website\"},\"datePublished\":\"2017-11-02T10:23:37+00:00\",\"dateModified\":\"2025-07-29T10:54:28+00:00\",\"description\":\"Zajmujemy si\\u0119 realizacj\\u0105 film\\u00f3w reklamowych, nietypowo, z wyobra\\u017ani\\u0105, bez ogranicze\\u0144. Filmy reklamowe \\u2013 telewizja, internet, kino, pos tv, mall.\",\"inLanguage\":\"pl-PL\",\"potentialAction\":[{\"@type\":\"ReadAction\",\"target\":[\"https:\/\/m5film.pl\/pl\/uslugi\/\"]}]}]}<\/script>\n<!-- \/ Yoast SEO plugin. -->","_links":{"self":[{"href":"https:\/\/m5film.pl\/pl\/wp-json\/wp\/v2\/pages\/84"}],"collection":[{"href":"https:\/\/m5film.pl\/pl\/wp-json\/wp\/v2\/pages"}],"about":[{"href":"https:\/\/m5film.pl\/pl\/wp-json\/wp\/v2\/types\/page"}],"author":[{"embeddable":true,"href":"https:\/\/m5film.pl\/pl\/wp-json\/wp\/v2\/users\/1"}],"replies":[{"embeddable":true,"href":"https:\/\/m5film.pl\/pl\/wp-json\/wp\/v2\/comments?post=84"}],"version-history":[{"count":1,"href":"https:\/\/m5film.pl\/pl\/wp-json\/wp\/v2\/pages\/84\/revisions"}],"predecessor-version":[{"id":1439,"href":"https:\/\/m5film.pl\/pl\/wp-json\/wp\/v2\/pages\/84\/revisions\/1439"}],"wp:attachment":[{"href":"https:\/\/m5film.pl\/pl\/wp-json\/wp\/v2\/media?parent=84"}],"curies":[{"name":"wp","href":"https:\/\/api.w.org\/{rel}","templated":true}]}}